{"id":4177,"date":"2015-05-26T12:13:47","date_gmt":"2015-05-26T10:13:47","guid":{"rendered":"https:\/\/notai.bz.it\/tagungsmaterialien\/"},"modified":"2024-10-01T23:00:48","modified_gmt":"2024-10-01T21:00:48","slug":"tagungsmaterialien","status":"publish","type":"page","link":"https:\/\/notai.bz.it\/de\/download\/tagungsmaterialien\/","title":{"rendered":"Tagungsmaterialien"},"content":{"rendered":"<p>[et_pb_section fb_built=&#8220;1&#8243; admin_label=&#8220;section&#8220; _builder_version=&#8220;4.16&#8243; global_colors_info=&#8220;{}&#8220;][et_pb_row admin_label=&#8220;row&#8220; _builder_version=&#8220;4.23.1&#8243; background_size=&#8220;initial&#8220; background_position=&#8220;top_left&#8220; background_repeat=&#8220;repeat&#8220; width=&#8220;100%&#8220; custom_padding=&#8220;0px||||false|false&#8220; global_colors_info=&#8220;{}&#8220;][et_pb_column type=&#8220;4_4&#8243; _builder_version=&#8220;4.16&#8243; custom_padding=&#8220;|||&#8220; global_colors_info=&#8220;{}&#8220; custom_padding__hover=&#8220;|||&#8220;][et_pb_text admin_label=&#8220;Text&#8220; _builder_version=&#8220;4.27.0&#8243; background_size=&#8220;initial&#8220; background_position=&#8220;top_left&#8220; background_repeat=&#8220;repeat&#8220; hover_enabled=&#8220;0&#8243; global_colors_info=&#8220;{}&#8220; sticky_enabled=&#8220;0&#8243;]<\/p>\n<h4>Freitag 21. Juni 2024 <i>TAGUNG GREEN<\/i><\/h4>\n<ul>\n<li><a href=\"https:\/\/notai.bz.it\/wp-content\/uploads\/2024\/10\/20240621_PPP-Herbert-Dorfmann.pdf\" target=\"_blank\" rel=\"noopener\">EU-GEB\u00c4UDERICHTLINIE: on. Herbert Dorfmann (Mitglied des Europ\u00e4ischen Parlaments)<\/a><\/li>\n<li><a href=\"https:\/\/notai.bz.it\/wp-content\/uploads\/2024\/10\/Kleewein-Presentazione-Formazione-NotaiBZ.pdf\" target=\"_blank\" rel=\"noopener\">CO2 REDUZIERUNG- DER BEITRAG DER MOBILIT\u00c4T: Philip Kleewein (Ingenieurb\u00fcro Kleewein \/ kyklos GmbH \u2013 Bozen)<\/a><\/li>\n<li><a href=\"https:\/\/notai.bz.it\/wp-content\/uploads\/2024\/10\/Dosso-2024-06-21-Bolzano.pdf\" target=\"_blank\" rel=\"noopener\">\u201cGREEN\u201d FINANZIERUNGEN: Andrea Dosso (Banca Mediolanum)<\/a><\/li>\n<li><a href=\"https:\/\/notai.bz.it\/wp-content\/uploads\/2024\/10\/Amort-Emissione-Green-Bond-DG-notai_DEF.pdf\" target=\"_blank\" rel=\"noopener\">GREEN BOND: Luis Amort (CEO Alperia AG)<\/a><\/li>\n<li><a href=\"https:\/\/notai.bz.it\/wp-content\/uploads\/2024\/10\/Tassinari-CER-Bolzano.pdf\" target=\"_blank\" rel=\"noopener\">ENERGIEGEMEINSCHAFTEN: GESELLSCHAFTSARTEN (UND ANDERE): Federico Tassinari (Notar in Bologna)<\/a><\/li>\n<li><a href=\"https:\/\/notai.bz.it\/wp-content\/uploads\/2024\/10\/Gugliotta-CTL_Interventi-Green_Convegno-21062024.pdf\" target=\"_blank\" rel=\"noopener\">GREEN EINGRIFFE: STEUERLICHE UND FISKALISCHE ASPEKTE: Giampiero Gugliotta (Wirtschaftspr\u00fcfer\/Steuerberater, Publizist Il Sole24Ore)<\/a><\/li>\n<li><a href=\"https:\/\/notai.bz.it\/wp-content\/uploads\/2024\/10\/Bauhofer-convegno-green-ctcu.pdf\" target=\"_blank\" rel=\"noopener\">GREEN EINGRIFFE: PRAKTISCHE RATSCHL\u00c4GE: Gunde Bauhofer (Direktorin Verbraucherzentrale)<\/a><\/li>\n<\/ul>\n<hr>\n<h4>11 maggio 2018 <i>Il diritto sulla vita<\/i><\/h4>\n<ul>\n<li>Valentina Verduci (a cura di), <i>Il diritto sulla vita. Testamento biologico, autodeterminazione e dignit\u00e0 della persona<\/i>, Pisa, Pacini Editore, 2018. <a href=\"http:\/\/www.pacinieditore.it\/diritto-sulla-vita\/\" target=\"_blank\" rel=\"noopener\">Atti del convegno tenuto a Bolzano l&#8217;11 maggio 2018<\/a>.<\/li>\n<\/ul>\n<hr>\n<h4>27 novembre 2015 <i>La responsabilit\u00e0 degli amministratori di societ\u00e0<\/i><\/h4>\n<ul>\n<li>M. De Acutis, <i>La responsabilit\u00e0 degli amministratori<\/i> : <a href=\"https:\/\/notai.bz.it\/wp-content\/uploads\/2015\/05\/De-AcutisBolzano27.11.2015.pdf\" rel=\"\">slide<\/a><\/li>\n<li>M. Cian, <i>Osservazioni a Cass. S.U. 9100\/2015<\/i> : <a href=\"https:\/\/notai.bz.it\/wp-content\/uploads\/2015\/05\/Cian_DannoAmministratori.pdf\" rel=\"\">Referat<\/a><\/li>\n<\/ul>\n<hr>\n<h4>Ottobre-novembre 2015 <i>Corso di alta formazione in diritto societario 2015<\/i><\/h4>\n<ul>\n<li>M. De Acutis, <i>Operazioni sul capitale<\/i> : <a href=\"https:\/\/notai.bz.it\/wp-content\/uploads\/2015\/05\/DeAcutisOperazionicapitaleBolzano.pdf\">slide<\/a><\/li>\n<li>G. Cian, <i>Operazioni sul capitale<\/i> : <a href=\"https:\/\/notai.bz.it\/wp-content\/uploads\/2015\/05\/Corso2015EstrattoCian.pdf\">estratto del Commentario al Codice Civile<\/a><\/li>\n<li>P. Menti, <i>Fusioni e scissioni<\/i> : <a href=\"https:\/\/notai.bz.it\/wp-content\/uploads\/2015\/05\/Corso2015FusioneScissione.pdf\">slide<\/a><\/li>\n<li>P. Menti, <i>Trasformazioni eterogenee<\/i> : <a href=\"https:\/\/notai.bz.it\/wp-content\/uploads\/2015\/05\/Corso2015TrasformazioneEtero.pdf\">slide<\/a><\/li>\n<\/ul>\n<hr>\n<h4>28 novembre 2014 <i>La successione ereditaria nel patrimonio produttivo e nella ricchezza familiare<\/i><\/h4>\n<ul>\n<li>B. Eccher, <i>Il diritto successorio in Austria<\/i> : <a href=\"https:\/\/notai.bz.it\/wp-content\/uploads\/2015\/05\/Eccher-Il-diritto-successorio-in-Austria.pdf\">slide<\/a><\/li>\n<li>P. Kindler, <i>Le successioni a causa di morte nel diritto tedesco<\/i> : <a href=\"https:\/\/notai.bz.it\/wp-content\/uploads\/2015\/05\/Kindler-Bozen-28-11-2014-Successioni.pdf\">relazione<\/a>, <a href=\"https:\/\/notai.bz.it\/wp-content\/uploads\/2015\/05\/Kindler-PPT-Bolzano-28-11-2014-Successioni-2.ppt\">slide<\/a><\/li>\n<li>M. Cian, <i>Morte del socio e tensioni endosocietarie<\/i> : <a href=\"https:\/\/notai.bz.it\/wp-content\/uploads\/2015\/05\/Cian_MorteSocioPremessa.pdf\">slide<\/a><\/li>\n<li>C. Casalini, <i>Morte del socio e tensioni endosocietarie<\/i> : <a href=\"https:\/\/notai.bz.it\/wp-content\/uploads\/2015\/05\/Casalini-Cristiano_relazione.pdf\">slide<\/a><\/li>\n<li>M.T. Schwab, <i>Tod des Gesellschafters<\/i> : <a href=\"https:\/\/notai.bz.it\/wp-content\/uploads\/2015\/05\/Schwab_Tod-eines-Gesellschafters.pdf\">referat<\/a>, <a href=\"https:\/\/notai.bz.it\/wp-content\/uploads\/2015\/05\/Schwab_Tod-eines-Gesellschafters-IT.pdf\">slide<\/a><\/li>\n<\/ul>\n<p>[\/et_pb_text][\/et_pb_column][\/et_pb_row][\/et_pb_section]<\/p>\n","protected":false},"excerpt":{"rendered":"<p>Freitag 21. Juni 2024 TAGUNG GREEN EU-GEB\u00c4UDERICHTLINIE: on. Herbert Dorfmann (Mitglied des Europ\u00e4ischen Parlaments) CO2 REDUZIERUNG- DER BEITRAG DER MOBILIT\u00c4T: Philip Kleewein (Ingenieurb\u00fcro Kleewein \/ kyklos GmbH \u2013 Bozen) \u201cGREEN\u201d FINANZIERUNGEN: Andrea Dosso (Banca Mediolanum) GREEN BOND: Luis Amort (CEO Alperia AG) ENERGIEGEMEINSCHAFTEN: GESELLSCHAFTSARTEN (UND ANDERE): Federico Tassinari (Notar in Bologna) GREEN EINGRIFFE: STEUERLICHE UND [&hellip;]<\/p>\n","protected":false},"author":2,"featured_media":0,"parent":4186,"menu_order":30,"comment_status":"closed","ping_status":"closed","template":"","meta":{"_acf_changed":false,"_et_pb_use_builder":"on","_et_pb_old_content":"","_et_gb_content_width":"","footnotes":""},"class_list":["post-4177","page","type-page","status-publish","hentry"],"acf":[],"_links":{"self":[{"href":"https:\/\/notai.bz.it\/de\/wp-json\/wp\/v2\/pages\/4177","targetHints":{"allow":["GET"]}}],"collection":[{"href":"https:\/\/notai.bz.it\/de\/wp-json\/wp\/v2\/pages"}],"about":[{"href":"https:\/\/notai.bz.it\/de\/wp-json\/wp\/v2\/types\/page"}],"author":[{"embeddable":true,"href":"https:\/\/notai.bz.it\/de\/wp-json\/wp\/v2\/users\/2"}],"replies":[{"embeddable":true,"href":"https:\/\/notai.bz.it\/de\/wp-json\/wp\/v2\/comments?post=4177"}],"version-history":[{"count":10,"href":"https:\/\/notai.bz.it\/de\/wp-json\/wp\/v2\/pages\/4177\/revisions"}],"predecessor-version":[{"id":6093,"href":"https:\/\/notai.bz.it\/de\/wp-json\/wp\/v2\/pages\/4177\/revisions\/6093"}],"up":[{"embeddable":true,"href":"https:\/\/notai.bz.it\/de\/wp-json\/wp\/v2\/pages\/4186"}],"wp:attachment":[{"href":"https:\/\/notai.bz.it\/de\/wp-json\/wp\/v2\/media?parent=4177"}],"curies":[{"name":"wp","href":"https:\/\/api.w.org\/{rel}","templated":true}]}}