{"id":4180,"date":"2013-12-10T17:19:17","date_gmt":"2013-12-10T16:19:17","guid":{"rendered":"https:\/\/notai.bz.it\/formulare\/"},"modified":"2023-11-25T19:46:23","modified_gmt":"2023-11-25T18:46:23","slug":"formulare","status":"publish","type":"page","link":"https:\/\/notai.bz.it\/de\/download\/formulare\/","title":{"rendered":"Formulare"},"content":{"rendered":"<p>[et_pb_section fb_built=&#8220;1&#8243; admin_label=&#8220;section&#8220; _builder_version=&#8220;4.16&#8243; global_colors_info=&#8220;{}&#8220; theme_builder_area=&#8220;post_content&#8220;][et_pb_row admin_label=&#8220;row&#8220; _builder_version=&#8220;4.23.1&#8243; background_size=&#8220;initial&#8220; background_position=&#8220;top_left&#8220; background_repeat=&#8220;repeat&#8220; hover_enabled=&#8220;0&#8243; global_colors_info=&#8220;{}&#8220; theme_builder_area=&#8220;post_content&#8220; width=&#8220;100%&#8220; custom_padding=&#8220;0px||||false|false&#8220; sticky_enabled=&#8220;0&#8243;][et_pb_column type=&#8220;4_4&#8243; _builder_version=&#8220;4.16&#8243; custom_padding=&#8220;|||&#8220; global_colors_info=&#8220;{}&#8220; custom_padding__hover=&#8220;|||&#8220; theme_builder_area=&#8220;post_content&#8220;][et_pb_text admin_label=&#8220;Text&#8220; _builder_version=&#8220;4.16&#8243; background_size=&#8220;initial&#8220; background_position=&#8220;top_left&#8220; background_repeat=&#8220;repeat&#8220; global_colors_info=&#8220;{}&#8220; theme_builder_area=&#8220;post_content&#8220;]<\/p>\n<ul>\n<li><a href=\"https:\/\/notai.bz.it\/wp-content\/uploads\/2013\/12\/allegato8.doc\">Zustimmungserkl\u00e4rung f\u00fcr die Praktikanten<\/a><\/li>\n<li><a href=\"https:\/\/notai.bz.it\/wp-content\/uploads\/2020\/10\/CNBolzanoDomandaDiIscrizionePRATICANOTARILE_DE.pdf\">Formular f\u00fcr die Eintragung in das Register der Notarpraktikanten<\/a><\/li>\n<li><a href=\"https:\/\/notai.bz.it\/wp-content\/uploads\/2020\/10\/CNBolzano-DomandaDiIscrizioneNONLAUREATI.pdf\">Formular f\u00fcr die Eintragung in das Register der Notarpraktikanten<br \/>per praticante non laureato immatricolato dopo il 24.01.2012<\/a><\/li>\n<\/ul>\n<ul>\n<li><a href=\"https:\/\/notai.bz.it\/wp-content\/uploads\/2013\/12\/allegato9.doc\">Modello costituzione nuova societ\u00e0 a responsabilit\u00e0 limitata semplificata<\/a><\/li>\n<\/ul>\n<ul>\n<li><a href=\"https:\/\/notai.bz.it\/wp-content\/uploads\/2020\/07\/CNBolzanoRicercaTestamenti_DE.pdf\">Antrag um Suche eines Testamentes<\/a><\/li>\n<\/ul>\n<p>[\/et_pb_text][\/et_pb_column][\/et_pb_row][\/et_pb_section]<\/p>\n","protected":false},"excerpt":{"rendered":"<p>Zustimmungserkl\u00e4rung f\u00fcr die Praktikanten Formular f\u00fcr die Eintragung in das Register der Notarpraktikanten Formular f\u00fcr die Eintragung in das Register der Notarpraktikantenper praticante non laureato immatricolato dopo il 24.01.2012 Modello costituzione nuova societ\u00e0 a responsabilit\u00e0 limitata semplificata Antrag um Suche eines Testamentes<\/p>\n","protected":false},"author":1,"featured_media":5204,"parent":4186,"menu_order":20,"comment_status":"closed","ping_status":"closed","template":"","meta":{"_acf_changed":false,"_et_pb_use_builder":"on","_et_pb_old_content":"","_et_gb_content_width":"","footnotes":""},"class_list":["post-4180","page","type-page","status-publish","has-post-thumbnail","hentry"],"acf":[],"_links":{"self":[{"href":"https:\/\/notai.bz.it\/de\/wp-json\/wp\/v2\/pages\/4180","targetHints":{"allow":["GET"]}}],"collection":[{"href":"https:\/\/notai.bz.it\/de\/wp-json\/wp\/v2\/pages"}],"about":[{"href":"https:\/\/notai.bz.it\/de\/wp-json\/wp\/v2\/types\/page"}],"author":[{"embeddable":true,"href":"https:\/\/notai.bz.it\/de\/wp-json\/wp\/v2\/users\/1"}],"replies":[{"embeddable":true,"href":"https:\/\/notai.bz.it\/de\/wp-json\/wp\/v2\/comments?post=4180"}],"version-history":[{"count":2,"href":"https:\/\/notai.bz.it\/de\/wp-json\/wp\/v2\/pages\/4180\/revisions"}],"predecessor-version":[{"id":4182,"href":"https:\/\/notai.bz.it\/de\/wp-json\/wp\/v2\/pages\/4180\/revisions\/4182"}],"up":[{"embeddable":true,"href":"https:\/\/notai.bz.it\/de\/wp-json\/wp\/v2\/pages\/4186"}],"wp:featuredmedia":[{"embeddable":true,"href":"https:\/\/notai.bz.it\/de\/wp-json\/wp\/v2\/media\/5204"}],"wp:attachment":[{"href":"https:\/\/notai.bz.it\/de\/wp-json\/wp\/v2\/media?parent=4180"}],"curies":[{"name":"wp","href":"https:\/\/api.w.org\/{rel}","templated":true}]}}