{"id":4183,"date":"2013-12-10T16:58:47","date_gmt":"2013-12-10T15:58:47","guid":{"rendered":"https:\/\/notai.bz.it\/praktischer-wegweiser\/"},"modified":"2025-08-29T15:52:29","modified_gmt":"2025-08-29T13:52:29","slug":"praktischer-wegweiser","status":"publish","type":"page","link":"https:\/\/notai.bz.it\/de\/download\/praktischer-wegweiser\/","title":{"rendered":"Praktischer Wegweiser"},"content":{"rendered":"<p>[et_pb_section fb_built=&#8220;1&#8243; admin_label=&#8220;section&#8220; _builder_version=&#8220;4.16&#8243; global_colors_info=&#8220;{}&#8220;][et_pb_row admin_label=&#8220;row&#8220; _builder_version=&#8220;4.23.1&#8243; background_size=&#8220;initial&#8220; background_position=&#8220;top_left&#8220; background_repeat=&#8220;repeat&#8220; width=&#8220;100%&#8220; custom_padding=&#8220;0px||||false|false&#8220; global_colors_info=&#8220;{}&#8220;][et_pb_column type=&#8220;4_4&#8243; _builder_version=&#8220;4.16&#8243; custom_padding=&#8220;|||&#8220; global_colors_info=&#8220;{}&#8220; custom_padding__hover=&#8220;|||&#8220;][et_pb_text admin_label=&#8220;Text&#8220; _builder_version=&#8220;4.27.4&#8243; background_size=&#8220;initial&#8220; background_position=&#8220;top_left&#8220; background_repeat=&#8220;repeat&#8220; hover_enabled=&#8220;0&#8243; global_colors_info=&#8220;{}&#8220; sticky_enabled=&#8220;0&#8243;]<\/p>\n<ul>\n<li><a href=\"https:\/\/notai.bz.it\/wp-content\/uploads\/2025\/08\/GuidaAgevolazioniFiscaliPrimaCasaIT.pdf\">Die steuerlichen Beg\u00fcnstigungen f\u00fcr die Erstwohnung (italienische Fassung)<\/a><\/li>\n<li><a href=\"https:\/\/notai.bz.it\/wp-content\/uploads\/2025\/08\/GuidaAgevolazioniFiscaliPrimaCasaDE.pdf\">Die steuerlichen Beg\u00fcnstigungen f\u00fcr die Erstwohnung (deutsche Fassung)<\/a><\/li>\n<\/ul>\n<ul>\n<li><a href=\"https:\/\/notai.bz.it\/wp-content\/uploads\/2024\/10\/IMPRESA-Abitare-e-fare-impresa.pdf\">WOHNEN UND FIRMENGR\u00dcNDUNG IN ITALIEN. Informationsbrosch\u00fcre der italienischen Notarkammer (italienische Fassung)<\/a><\/li>\n<li><a href=\"https:\/\/notai.bz.it\/wp-content\/uploads\/2024\/10\/INTERNAZIONALE-Abitare-e-fare-impresa-in-Italia-Tedesco.pdf\">WOHNEN UND FIRMENGR\u00dcNDUNG IN ITALIEN. Informationsbrosch\u00fcre der italienischen Notarkammer (deutsche Fassung)<\/a><\/li>\n<\/ul>\n<ul>\n<li><a href=\"http:\/\/www.notariato.it\/sites\/default\/files\/Guida_Acquisto-Asta.pdf\">Auktionskauf (italienische Fassung)<\/a><\/li>\n<\/ul>\n<ul>\n<li><a href=\"http:\/\/www.notariato.it\/sites\/default\/files\/Le_guide_per_il_cittadino_Acquisto_certificato_set_14.pdf\">Zertifizierter Kauf (italienische Fassung)<\/a><\/li>\n<\/ul>\n<ul>\n<li><a href=\"http:\/\/www.notariato.it\/sites\/default\/files\/Le_guide_per_il_cittadino_Donazioni_consapevoli_set_14.pdf\">Informiert schenken (italienische Fassung)<\/a><\/li>\n<li><a href=\"http:\/\/www.notariato.it\/sites\/default\/files\/Informiert_schenken_2013_deutsch.pdf\">Informiert schenken (deutscheFassung)<\/a><\/li>\n<\/ul>\n<ul>\n<li><a href=\"http:\/\/www.notariato.it\/sites\/default\/files\/Le_guide_per_il_cittadino_Gararanzia_preliminare_set_14.pdf\">Vorvertrag (italienische Fassung)<\/a><\/li>\n<li><a href=\"http:\/\/www.notariato.it\/sites\/default\/files\/Gararanzia_preliminare_2010_dt.pdf\">Vorvertrag (deutsche Fassung)<\/a><\/li>\n<\/ul>\n<ul>\n<li><a href=\"http:\/\/www.notariato.it\/sites\/default\/files\/Guida_Il_Matrimonio.pdf\">Die Ehe. Die Ehe. Rechte und Pflichten in der Familie (italienische Fassung)<\/a><\/li>\n<\/ul>\n<ul>\n<li><a href=\"http:\/\/www.notariato.it\/sites\/default\/files\/Guida_Convivenza.pdf\">Partnerschaften \u2013 Regeln und Rechte des Zusammenlebens (italienische Fassung)<\/a><\/li>\n<\/ul>\n<ul>\n<li><a href=\"https:\/\/notai.bz.it\/wp-content\/uploads\/2019\/06\/2019-IT-Guida-terza-eta-pack_LOW.pdf\">Tipps f\u00fcr Senioren (italienische Fassung)<\/a><\/li>\n<\/ul>\n<ul>\n<li><a href=\"https:\/\/notai.bz.it\/wp-content\/uploads\/2019\/06\/2109-DE-Tipps-fuer-Senioren_LOW.pdf\">Tipps f\u00fcr Senioren (deutsche Fassung)<\/a><\/li>\n<\/ul>\n<ul>\n<li><a href=\"http:\/\/www.notariato.it\/sites\/default\/files\/Mutuo_Informato.pdf\">Informiert ein Darlehen aufnehmen (italienische Fassung)<\/a><\/li>\n<\/ul>\n<ul>\n<li><a href=\"http:\/\/www.notariato.it\/sites\/default\/files\/Le_guide_per_il_cittadino_Prezzo_valore_set_14.pdf\">Kaufpreis \u2013 Katasterwert (italienische Fassung)<\/a><\/li>\n<li><a href=\"http:\/\/www.notariato.it\/sites\/default\/files\/prezzo_valore_ted.pdf\">Kaufpreis \u2013 Katasterwert (deutsche Fassung)<\/a><\/li>\n<\/ul>\n<ul>\n<li><a href=\"http:\/\/www.notariato.it\/sites\/default\/files\/Le_guide_per_il_cittadino_Successioni_tutelate_set_14.pdf\">Rechtlich gesch\u00fctzte Erbfolge (italienische Fassung)<\/a><\/li>\n<li><a href=\"http:\/\/www.notariato.it\/sites\/default\/files\/Successioni_mar_11_dt_corrette.pdf\">Rechtlich gesch\u00fctzte Erbfolge (deutsche Fassung)<\/a><\/li>\n<\/ul>\n<ul>\n<li><a href=\"https:\/\/notai.bz.it\/wp-content\/uploads\/2023\/11\/VivereInCondominio.pdf\">Leben im Kondominium. Fallstudien und Antworten aus der Praxis (italienische Fassung)<\/a><\/li>\n<li><a href=\"https:\/\/notai.bz.it\/wp-content\/uploads\/2023\/11\/LebenImKondominium.pdf\">Leben im Kondominium. Fallstudien und Antworten aus der Praxis (deutsche Fassung)<\/a><\/li>\n<\/ul>\n<ul>\n<li><a href=\"https:\/\/notai.bz.it\/wp-content\/uploads\/2024\/09\/GuidaVolontariaGiurisdizione.pdf\">FREIWILLIGE GERICHTSBARKEIT. Der Notar und der hilfsbed\u00fcrftige B\u00fcrger: Die neue Regelung f\u00fcr Minderj\u00e4hrige und gesch\u00e4ftsunf\u00e4hige Personen (italienische Fassung) <\/a><\/li>\n<li><a href=\"https:\/\/notai.bz.it\/wp-content\/uploads\/2024\/09\/FreiwilligeGerichtsbarkeit.pdf\">FREIWILLIGE GERICHTSBARKEIT. Der Notar und der hilfsbed\u00fcrftige B\u00fcrger: Die neue Regelung f\u00fcr Minderj\u00e4hrige und gesch\u00e4ftsunf\u00e4hige Personen (deutsche Fassung) <\/a><\/li>\n<\/ul>\n<p>[\/et_pb_text][\/et_pb_column][\/et_pb_row][\/et_pb_section]<\/p>\n","protected":false},"excerpt":{"rendered":"<p>Die steuerlichen Beg\u00fcnstigungen f\u00fcr die Erstwohnung (italienische Fassung) Die steuerlichen Beg\u00fcnstigungen f\u00fcr die Erstwohnung (deutsche Fassung) WOHNEN UND FIRMENGR\u00dcNDUNG IN ITALIEN. Informationsbrosch\u00fcre der italienischen Notarkammer (italienische Fassung) WOHNEN UND FIRMENGR\u00dcNDUNG IN ITALIEN. Informationsbrosch\u00fcre der italienischen Notarkammer (deutsche Fassung) Auktionskauf (italienische Fassung) Zertifizierter Kauf (italienische Fassung) Informiert schenken (italienische Fassung) Informiert schenken (deutscheFassung) Vorvertrag (italienische Fassung) [&hellip;]<\/p>\n","protected":false},"author":1,"featured_media":5204,"parent":4186,"menu_order":20,"comment_status":"closed","ping_status":"closed","template":"","meta":{"_acf_changed":false,"_et_pb_use_builder":"on","_et_pb_old_content":"","_et_gb_content_width":"","footnotes":""},"class_list":["post-4183","page","type-page","status-publish","has-post-thumbnail","hentry"],"acf":[],"_links":{"self":[{"href":"https:\/\/notai.bz.it\/de\/wp-json\/wp\/v2\/pages\/4183","targetHints":{"allow":["GET"]}}],"collection":[{"href":"https:\/\/notai.bz.it\/de\/wp-json\/wp\/v2\/pages"}],"about":[{"href":"https:\/\/notai.bz.it\/de\/wp-json\/wp\/v2\/types\/page"}],"author":[{"embeddable":true,"href":"https:\/\/notai.bz.it\/de\/wp-json\/wp\/v2\/users\/1"}],"replies":[{"embeddable":true,"href":"https:\/\/notai.bz.it\/de\/wp-json\/wp\/v2\/comments?post=4183"}],"version-history":[{"count":13,"href":"https:\/\/notai.bz.it\/de\/wp-json\/wp\/v2\/pages\/4183\/revisions"}],"predecessor-version":[{"id":6417,"href":"https:\/\/notai.bz.it\/de\/wp-json\/wp\/v2\/pages\/4183\/revisions\/6417"}],"up":[{"embeddable":true,"href":"https:\/\/notai.bz.it\/de\/wp-json\/wp\/v2\/pages\/4186"}],"wp:featuredmedia":[{"embeddable":true,"href":"https:\/\/notai.bz.it\/de\/wp-json\/wp\/v2\/media\/5204"}],"wp:attachment":[{"href":"https:\/\/notai.bz.it\/de\/wp-json\/wp\/v2\/media?parent=4183"}],"curies":[{"name":"wp","href":"https:\/\/api.w.org\/{rel}","templated":true}]}}