{"id":4197,"date":"2013-12-10T17:20:36","date_gmt":"2013-12-10T16:20:36","guid":{"rendered":"https:\/\/notai.bz.it\/kontakt\/"},"modified":"2023-11-26T19:02:47","modified_gmt":"2023-11-26T18:02:47","slug":"kontakt","status":"publish","type":"page","link":"https:\/\/notai.bz.it\/de\/info\/kontakt\/","title":{"rendered":"Kontakt"},"content":{"rendered":"<p>[et_pb_section fb_built=&#8220;1&#8243; admin_label=&#8220;About&#8220; module_id=&#8220;top&#8220; _builder_version=&#8220;4.23.1&#8243; _module_preset=&#8220;default&#8220; custom_margin=&#8220;50px||||false|false&#8220; custom_padding=&#8220;0px||0px||true|false&#8220; global_colors_info=&#8220;{}&#8220; theme_builder_area=&#8220;post_content&#8220;][et_pb_row column_structure=&#8220;1_2,1_2&#8243; use_custom_gutter=&#8220;on&#8220; gutter_width=&#8220;1&#8243; make_equal=&#8220;on&#8220; _builder_version=&#8220;4.23.1&#8243; _module_preset=&#8220;default&#8220; width=&#8220;100%&#8220; custom_padding=&#8220;0px||0px||true|false&#8220; box_shadow_style=&#8220;preset4&#8243; box_shadow_horizontal=&#8220;30vw&#8220; box_shadow_vertical=&#8220;0px&#8220; box_shadow_color=&#8220;#000000&#8243; global_colors_info=&#8220;{}&#8220; theme_builder_area=&#8220;post_content&#8220;][et_pb_column type=&#8220;1_2&#8243; _builder_version=&#8220;4.23.1&#8243; _module_preset=&#8220;default&#8220; background_color=&#8220;#181e26&#8243; custom_padding=&#8220;40px||40px|40px|true|false&#8220; custom_padding_tablet=&#8220;|||30px|false|false&#8220; custom_padding_phone=&#8220;|||20px|false|false&#8220; custom_padding_last_edited=&#8220;on|phone&#8220; global_colors_info=&#8220;{}&#8220; theme_builder_area=&#8220;post_content&#8220;][et_pb_text admin_label=&#8220;orari&#8220; _builder_version=&#8220;4.23.1&#8243; _module_preset=&#8220;5c989a74-8649-4b9a-a4a2-6d2b8ae2551c&#8220; text_text_color=&#8220;#FFFFFF&#8220; header_4_font=&#8220;Roboto|700||on|||||&#8220; header_4_text_color=&#8220;rgba(255,255,255,0.8)&#8220; header_4_font_size=&#8220;12px&#8220; header_4_letter_spacing=&#8220;3px&#8220; header_4_line_height=&#8220;1.5em&#8220; background_layout=&#8220;dark&#8220; custom_margin=&#8220;||0px||false|false&#8220; locked=&#8220;off&#8220; global_colors_info=&#8220;{}&#8220; theme_builder_area=&#8220;post_content&#8220;]<\/p>\n<h4>Sekretariatszeit<\/h4>\n<p>[\/et_pb_text][et_pb_text admin_label=&#8220;orari&#8220; _builder_version=&#8220;4.23.1&#8243; _module_preset=&#8220;c2a3d585-c259-4e5a-8faa-710c0e634348&#8243; text_font=&#8220;Roboto|500|||||||&#8220; text_text_color=&#8220;#FFFFFF&#8220; text_line_height=&#8220;1.6em&#8220; header_5_text_color=&#8220;#FFFFFF&#8220; header_5_line_height=&#8220;1.8em&#8220; text_font_size_tablet=&#8220;15px&#8220; text_font_size_phone=&#8220;14px&#8220; text_font_size_last_edited=&#8220;on|desktop&#8220; header_font_size_tablet=&#8220;55px&#8220; header_font_size_last_edited=&#8220;off|desktop&#8220; global_module=&#8220;3951&#8243; saved_tabs=&#8220;all&#8220; locked=&#8220;off&#8220; global_colors_info=&#8220;{}&#8220; theme_builder_area=&#8220;post_content&#8220;]<\/p>\n<p>Luned\u00ec, marted\u00ec, mercoled\u00ec e venerd\u00ec: 9.00-12.00<br \/>Gioved\u00ec: 9.00-12.00 \/ 17.00-19.00<\/p>\n<p>[\/et_pb_text][et_pb_text admin_label=&#8220;indirizzo&#8220; _builder_version=&#8220;4.23.1&#8243; _module_preset=&#8220;5c989a74-8649-4b9a-a4a2-6d2b8ae2551c&#8220; header_4_font=&#8220;Roboto|700||on|||||&#8220; header_4_text_color=&#8220;rgba(255,255,255,0.9)&#8220; header_4_font_size=&#8220;12px&#8220; header_4_letter_spacing=&#8220;3px&#8220; header_4_line_height=&#8220;1.5em&#8220; custom_margin=&#8220;40px||0px||false|false&#8220; custom_margin_tablet=&#8220;30px||||false|false&#8220; custom_margin_phone=&#8220;20px||||false|false&#8220; custom_margin_last_edited=&#8220;on|tablet&#8220; locked=&#8220;off&#8220; global_colors_info=&#8220;{}&#8220; theme_builder_area=&#8220;post_content&#8220;]<\/p>\n<h4>Sitz<\/h4>\n<p>[\/et_pb_text][et_pb_text admin_label=&#8220;indirizzo&#8220; _builder_version=&#8220;4.23.1&#8243; _module_preset=&#8220;c2a3d585-c259-4e5a-8faa-710c0e634348&#8243; text_font=&#8220;Roboto|500|||||||&#8220; text_text_color=&#8220;#FFFFFF&#8220; text_line_height=&#8220;1.6em&#8220; header_5_text_color=&#8220;#FFFFFF&#8220; header_5_line_height=&#8220;1.8em&#8220; text_font_size_tablet=&#8220;15px&#8220; text_font_size_phone=&#8220;14px&#8220; text_font_size_last_edited=&#8220;on|desktop&#8220; header_font_size_tablet=&#8220;55px&#8220; header_font_size_last_edited=&#8220;off|desktop&#8220; locked=&#8220;off&#8220; global_colors_info=&#8220;{}&#8220; theme_builder_area=&#8220;post_content&#8220;]<\/p>\n<p>Rosministrasse 4, 39100 Bozen<\/p>\n<p>[\/et_pb_text][et_pb_text admin_label=&#8220;email&#8220; _builder_version=&#8220;4.23.1&#8243; _module_preset=&#8220;5c989a74-8649-4b9a-a4a2-6d2b8ae2551c&#8220; header_4_font=&#8220;Roboto|700||on|||||&#8220; header_4_text_color=&#8220;rgba(255,255,255,0.9)&#8220; header_4_font_size=&#8220;12px&#8220; header_4_letter_spacing=&#8220;3px&#8220; header_4_line_height=&#8220;1.5em&#8220; custom_margin=&#8220;40px||0px||false|false&#8220; custom_margin_tablet=&#8220;30px||||false|false&#8220; custom_margin_phone=&#8220;20px||||false|false&#8220; custom_margin_last_edited=&#8220;on|phone&#8220; locked=&#8220;off&#8220; global_colors_info=&#8220;{}&#8220; theme_builder_area=&#8220;post_content&#8220;]<\/p>\n<h4>Email<\/h4>\n<p>[\/et_pb_text][et_pb_text admin_label=&#8220;email&#8220; _builder_version=&#8220;4.23.1&#8243; _module_preset=&#8220;c2a3d585-c259-4e5a-8faa-710c0e634348&#8243; text_font=&#8220;Roboto|500|||||||&#8220; text_text_color=&#8220;#FFFFFF&#8220; text_line_height=&#8220;1.6em&#8220; link_text_color=&#8220;#FFFFFF&#8220; header_5_text_color=&#8220;#FFFFFF&#8220; header_5_line_height=&#8220;1.8em&#8220; text_font_size_tablet=&#8220;15px&#8220; text_font_size_phone=&#8220;14px&#8220; text_font_size_last_edited=&#8220;on|desktop&#8220; header_font_size_tablet=&#8220;55px&#8220; header_font_size_last_edited=&#8220;off|desktop&#8220; locked=&#8220;off&#8220; global_colors_info=&#8220;{}&#8220; theme_builder_area=&#8220;post_content&#8220;]<\/p>\n<p><a href=\"mailto:consigliobolzano@notariato.it\">consigliobolzano@notariato.it<\/a><\/p>\n<p>[\/et_pb_text][et_pb_text admin_label=&#8220;Tel&#8220; _builder_version=&#8220;4.23.1&#8243; _module_preset=&#8220;5c989a74-8649-4b9a-a4a2-6d2b8ae2551c&#8220; header_4_font=&#8220;Roboto|700||on|||||&#8220; header_4_text_color=&#8220;rgba(255,255,255,0.9)&#8220; header_4_font_size=&#8220;12px&#8220; header_4_letter_spacing=&#8220;3px&#8220; header_4_line_height=&#8220;1.5em&#8220; custom_margin=&#8220;40px||0px||false|false&#8220; custom_margin_tablet=&#8220;30px||||false|false&#8220; custom_margin_phone=&#8220;20px||||false|false&#8220; custom_margin_last_edited=&#8220;on|phone&#8220; locked=&#8220;off&#8220; global_colors_info=&#8220;{}&#8220; theme_builder_area=&#8220;post_content&#8220;]<\/p>\n<h4>Telefon<\/h4>\n<p>[\/et_pb_text][et_pb_text admin_label=&#8220;Tel&#8220; _builder_version=&#8220;4.23.1&#8243; _module_preset=&#8220;c2a3d585-c259-4e5a-8faa-710c0e634348&#8243; text_font=&#8220;Roboto|500|||||||&#8220; text_text_color=&#8220;#FFFFFF&#8220; text_line_height=&#8220;1.6em&#8220; link_text_color=&#8220;#FFFFFF&#8220; header_5_text_color=&#8220;#FFFFFF&#8220; header_5_line_height=&#8220;1.8em&#8220; text_font_size_tablet=&#8220;15px&#8220; text_font_size_phone=&#8220;14px&#8220; text_font_size_last_edited=&#8220;on|desktop&#8220; header_font_size_tablet=&#8220;55px&#8220; header_font_size_last_edited=&#8220;off|desktop&#8220; locked=&#8220;off&#8220; global_colors_info=&#8220;{}&#8220; theme_builder_area=&#8220;post_content&#8220;]<\/p>\n<p><a href=\"tel:+0471981953\">0471 981953<\/a><\/p>\n<p>[\/et_pb_text][et_pb_text admin_label=&#8220;PEC&#8220; _builder_version=&#8220;4.23.1&#8243; _module_preset=&#8220;5c989a74-8649-4b9a-a4a2-6d2b8ae2551c&#8220; header_4_font=&#8220;Roboto|700||on|||||&#8220; header_4_text_color=&#8220;rgba(255,255,255,0.9)&#8220; header_4_font_size=&#8220;12px&#8220; header_4_letter_spacing=&#8220;3px&#8220; header_4_line_height=&#8220;1.5em&#8220; custom_margin=&#8220;40px||0px||false|false&#8220; custom_margin_tablet=&#8220;30px||||false|false&#8220; custom_margin_phone=&#8220;20px||||false|false&#8220; custom_margin_last_edited=&#8220;on|phone&#8220; locked=&#8220;off&#8220; global_colors_info=&#8220;{}&#8220; theme_builder_area=&#8220;post_content&#8220;]<\/p>\n<h4>PEC<\/h4>\n<p>[\/et_pb_text][et_pb_text admin_label=&#8220;PEC&#8220; _builder_version=&#8220;4.23.1&#8243; _module_preset=&#8220;c2a3d585-c259-4e5a-8faa-710c0e634348&#8243; text_font=&#8220;Roboto|500|||||||&#8220; text_text_color=&#8220;#FFFFFF&#8220; text_line_height=&#8220;1.6em&#8220; link_text_color=&#8220;#FFFFFF&#8220; header_5_text_color=&#8220;#FFFFFF&#8220; header_5_line_height=&#8220;1.8em&#8220; text_font_size_tablet=&#8220;15px&#8220; text_font_size_phone=&#8220;14px&#8220; text_font_size_last_edited=&#8220;on|desktop&#8220; header_font_size_tablet=&#8220;55px&#8220; header_font_size_last_edited=&#8220;off|desktop&#8220; locked=&#8220;off&#8220; global_colors_info=&#8220;{}&#8220; theme_builder_area=&#8220;post_content&#8220;]<\/p>\n<p>cnd.bolzano@postacertificata.notariato.it<\/p>\n<p>[\/et_pb_text][et_pb_text admin_label=&#8220;Codice Fiscale&#8220; _builder_version=&#8220;4.23.1&#8243; _module_preset=&#8220;5c989a74-8649-4b9a-a4a2-6d2b8ae2551c&#8220; header_4_font=&#8220;Roboto|700||on|||||&#8220; header_4_text_color=&#8220;rgba(255,255,255,0.9)&#8220; header_4_font_size=&#8220;12px&#8220; header_4_letter_spacing=&#8220;3px&#8220; header_4_line_height=&#8220;1.5em&#8220; custom_margin=&#8220;40px||0px||false|false&#8220; custom_margin_tablet=&#8220;30px||||false|false&#8220; custom_margin_phone=&#8220;20px||||false|false&#8220; custom_margin_last_edited=&#8220;on|phone&#8220; locked=&#8220;off&#8220; global_colors_info=&#8220;{}&#8220; theme_builder_area=&#8220;post_content&#8220;]<\/p>\n<h4>Steuernr<\/h4>\n<p>[\/et_pb_text][et_pb_text admin_label=&#8220;Codice Fiscale&#8220; _builder_version=&#8220;4.23.1&#8243; _module_preset=&#8220;c2a3d585-c259-4e5a-8faa-710c0e634348&#8243; text_font=&#8220;Roboto|500|||||||&#8220; text_text_color=&#8220;#FFFFFF&#8220; text_line_height=&#8220;1.6em&#8220; link_text_color=&#8220;#FFFFFF&#8220; header_5_text_color=&#8220;#FFFFFF&#8220; header_5_line_height=&#8220;1.8em&#8220; text_font_size_tablet=&#8220;15px&#8220; text_font_size_phone=&#8220;14px&#8220; text_font_size_last_edited=&#8220;on|desktop&#8220; header_font_size_tablet=&#8220;55px&#8220; header_font_size_last_edited=&#8220;off|desktop&#8220; locked=&#8220;off&#8220; global_colors_info=&#8220;{}&#8220; theme_builder_area=&#8220;post_content&#8220;]<\/p>\n<p>80022130217<\/p>\n<p>[\/et_pb_text][\/et_pb_column][et_pb_column type=&#8220;1_2&#8243; _builder_version=&#8220;4.16&#8243; _module_preset=&#8220;default&#8220; global_colors_info=&#8220;{}&#8220; theme_builder_area=&#8220;post_content&#8220;][et_pb_image src=&#8220;https:\/\/notai.bz.it\/wp-content\/uploads\/2023\/11\/Bolzano-e1700305741968.jpg&#8220; title_text=&#8220;main square in Bolzano&#8220; show_bottom_space=&#8220;off&#8220; _builder_version=&#8220;4.23.1&#8243; _module_preset=&#8220;default&#8220; global_module=&#8220;3950&#8243; saved_tabs=&#8220;all&#8220; global_colors_info=&#8220;{}&#8220; theme_builder_area=&#8220;post_content&#8220;][\/et_pb_image][et_pb_text _builder_version=&#8220;4.23.1&#8243; _module_preset=&#8220;default&#8220; global_colors_info=&#8220;{}&#8220; theme_builder_area=&#8220;post_content&#8220;]<\/p>\n<p><iframe loading=\"lazy\" src=\"https:\/\/maps.google.it\/maps?f=q&amp;source=s_q&amp;hl=en&amp;geocode=&amp;q=Via+Rosmini,+4,+Bolzano&amp;aq=&amp;sll=46.497958,11.348411&amp;sspn=0.009306,0.01929&amp;ie=UTF8&amp;hq=&amp;hnear=Rosmini+-+Strasse,+4,+39100+Bozen,+Trentino-Alto+Adige&amp;t=m&amp;ll=46.497979,11.348448&amp;spn=0.029542,0.051413&amp;z=14&amp;iwloc=A&amp;output=embed\" marginwidth=\"0\" marginheight=\"0\" scrolling=\"no\" width=\"600\" height=\"500\" frameborder=\"0\"><\/iframe><br \/><small><a style=\"color: #0000ff; text-align: left;\" href=\"https:\/\/maps.google.it\/maps?f=q&amp;source=embed&amp;hl=en&amp;geocode=&amp;q=Via+Rosmini,+4,+Bolzano&amp;aq=&amp;sll=46.497958,11.348411&amp;sspn=0.009306,0.01929&amp;ie=UTF8&amp;hq=&amp;hnear=Rosmini+-+Strasse,+4,+39100+Bozen,+Trentino-Alto+Adige&amp;t=m&amp;ll=46.497979,11.348448&amp;spn=0.029542,0.051413&amp;z=14&amp;iwloc=A\">View Larger Map<\/a><\/small><\/p>\n<p>[\/et_pb_text][\/et_pb_column][\/et_pb_row][\/et_pb_section]<\/p>\n","protected":false},"excerpt":{"rendered":"<p>SekretariatszeitLuned\u00ec, marted\u00ec, mercoled\u00ec e venerd\u00ec: 9.00-12.00Gioved\u00ec: 9.00-12.00 \/ 17.00-19.00 SitzRosministrasse 4, 39100 BozenEmailconsigliobolzano@notariato.itTelefon0471 981953PECcnd.bolzano@postacertificata.notariato.itSteuernr80022130217View Larger Map<\/p>\n","protected":false},"author":1,"featured_media":5230,"parent":4203,"menu_order":30,"comment_status":"closed","ping_status":"closed","template":"","meta":{"_acf_changed":false,"_et_pb_use_builder":"on","_et_pb_old_content":"","_et_gb_content_width":"","footnotes":""},"class_list":["post-4197","page","type-page","status-publish","has-post-thumbnail","hentry"],"acf":[],"_links":{"self":[{"href":"https:\/\/notai.bz.it\/de\/wp-json\/wp\/v2\/pages\/4197","targetHints":{"allow":["GET"]}}],"collection":[{"href":"https:\/\/notai.bz.it\/de\/wp-json\/wp\/v2\/pages"}],"about":[{"href":"https:\/\/notai.bz.it\/de\/wp-json\/wp\/v2\/types\/page"}],"author":[{"embeddable":true,"href":"https:\/\/notai.bz.it\/de\/wp-json\/wp\/v2\/users\/1"}],"replies":[{"embeddable":true,"href":"https:\/\/notai.bz.it\/de\/wp-json\/wp\/v2\/comments?post=4197"}],"version-history":[{"count":8,"href":"https:\/\/notai.bz.it\/de\/wp-json\/wp\/v2\/pages\/4197\/revisions"}],"predecessor-version":[{"id":4286,"href":"https:\/\/notai.bz.it\/de\/wp-json\/wp\/v2\/pages\/4197\/revisions\/4286"}],"up":[{"embeddable":true,"href":"https:\/\/notai.bz.it\/de\/wp-json\/wp\/v2\/pages\/4203"}],"wp:featuredmedia":[{"embeddable":true,"href":"https:\/\/notai.bz.it\/de\/wp-json\/wp\/v2\/media\/5230"}],"wp:attachment":[{"href":"https:\/\/notai.bz.it\/de\/wp-json\/wp\/v2\/media?parent=4197"}],"curies":[{"name":"wp","href":"https:\/\/api.w.org\/{rel}","templated":true}]}}