{"id":4219,"date":"2013-12-09T18:20:13","date_gmt":"2013-12-09T17:20:13","guid":{"rendered":"https:\/\/notai.bz.it\/was-macht-der-notar\/"},"modified":"2023-11-26T17:43:53","modified_gmt":"2023-11-26T16:43:53","slug":"was-macht-der-notar","status":"publish","type":"page","link":"https:\/\/notai.bz.it\/de\/der-notar\/was-macht-der-notar\/","title":{"rendered":"Was macht der Notar"},"content":{"rendered":"<p>[et_pb_section fb_built=&#8220;1&#8243; _builder_version=&#8220;4.16&#8243; global_colors_info=&#8220;{}&#8220; theme_builder_area=&#8220;post_content&#8220;][et_pb_row _builder_version=&#8220;4.23.1&#8243; background_size=&#8220;initial&#8220; background_position=&#8220;top_left&#8220; background_repeat=&#8220;repeat&#8220; hover_enabled=&#8220;0&#8243; global_colors_info=&#8220;{}&#8220; theme_builder_area=&#8220;post_content&#8220; width=&#8220;100%&#8220; sticky_enabled=&#8220;0&#8243; custom_padding=&#8220;0px||||false|false&#8220;][et_pb_column type=&#8220;4_4&#8243; _builder_version=&#8220;4.16&#8243; custom_padding=&#8220;|||&#8220; global_colors_info=&#8220;{}&#8220; custom_padding__hover=&#8220;|||&#8220; theme_builder_area=&#8220;post_content&#8220;][et_pb_text _builder_version=&#8220;4.23.1&#8243; background_size=&#8220;initial&#8220; background_position=&#8220;top_left&#8220; background_repeat=&#8220;repeat&#8220; hover_enabled=&#8220;0&#8243; global_colors_info=&#8220;{}&#8220; theme_builder_area=&#8220;post_content&#8220; sticky_enabled=&#8220;0&#8243;]<\/p>\n<p>Der Notar gew\u00e4hrleistet die Unparteilichkeit, die G\u00fcltigkeit und die Wirksamkeit des Vertrages.<\/p>\n<p>Er hat die Aufgabe die Parteien klar und umfassend aufzukl\u00e4ren, damit die Rechte aller beteiligten Vertragsparteien beachtet werden.<\/p>\n<p>Der Notar pr\u00fcft, dass der Vertragsinhalt den wahren Willen des Vertragsschlie\u00dfenden ausdr\u00fcckt, indem er auf die besonders belastenden Klauseln aufmerksam macht.<\/p>\n<p>Die Kunden k\u00f6nnen dem Notar ihren Willen vortragen und sie k\u00f6nnen von ihm die notwendigen Rechtserkl\u00e4rungen erhalten.<\/p>\n<p>Nach Feststellung der Erfordernisse f\u00fcr das vorzunehmende Rechtsgesch\u00e4ft, empfiehlt der Notar den Parteien die beste L\u00f6sung, um es zu realisieren und wenn das Ziel des Rechtsgesch\u00e4ftes auf mehrere Weisen erreicht werden kann, versichert er dem Kunden bei der Darlegung der verschiedenen Zweckm\u00e4\u00dfigkeiten Transparenz und umfassende Information.<\/p>\n<p>[\/et_pb_text][\/et_pb_column][\/et_pb_row][\/et_pb_section]<\/p>\n","protected":false},"excerpt":{"rendered":"<p>Der Notar gew\u00e4hrleistet die Unparteilichkeit, die G\u00fcltigkeit und die Wirksamkeit des Vertrages. Er hat die Aufgabe die Parteien klar und umfassend aufzukl\u00e4ren, damit die Rechte aller beteiligten Vertragsparteien beachtet werden. Der Notar pr\u00fcft, dass der Vertragsinhalt den wahren Willen des Vertragsschlie\u00dfenden ausdr\u00fcckt, indem er auf die besonders belastenden Klauseln aufmerksam macht. Die Kunden k\u00f6nnen dem [&hellip;]<\/p>\n","protected":false},"author":1,"featured_media":5192,"parent":4229,"menu_order":10,"comment_status":"closed","ping_status":"closed","template":"","meta":{"_acf_changed":false,"_et_pb_use_builder":"on","_et_pb_old_content":"","_et_gb_content_width":"","footnotes":""},"class_list":["post-4219","page","type-page","status-publish","has-post-thumbnail","hentry"],"acf":[],"_links":{"self":[{"href":"https:\/\/notai.bz.it\/de\/wp-json\/wp\/v2\/pages\/4219","targetHints":{"allow":["GET"]}}],"collection":[{"href":"https:\/\/notai.bz.it\/de\/wp-json\/wp\/v2\/pages"}],"about":[{"href":"https:\/\/notai.bz.it\/de\/wp-json\/wp\/v2\/types\/page"}],"author":[{"embeddable":true,"href":"https:\/\/notai.bz.it\/de\/wp-json\/wp\/v2\/users\/1"}],"replies":[{"embeddable":true,"href":"https:\/\/notai.bz.it\/de\/wp-json\/wp\/v2\/comments?post=4219"}],"version-history":[{"count":2,"href":"https:\/\/notai.bz.it\/de\/wp-json\/wp\/v2\/pages\/4219\/revisions"}],"predecessor-version":[{"id":4221,"href":"https:\/\/notai.bz.it\/de\/wp-json\/wp\/v2\/pages\/4219\/revisions\/4221"}],"up":[{"embeddable":true,"href":"https:\/\/notai.bz.it\/de\/wp-json\/wp\/v2\/pages\/4229"}],"wp:featuredmedia":[{"embeddable":true,"href":"https:\/\/notai.bz.it\/de\/wp-json\/wp\/v2\/media\/5192"}],"wp:attachment":[{"href":"https:\/\/notai.bz.it\/de\/wp-json\/wp\/v2\/media?parent=4219"}],"curies":[{"name":"wp","href":"https:\/\/api.w.org\/{rel}","templated":true}]}}