{"id":4232,"date":"2013-12-10T16:48:40","date_gmt":"2013-12-10T15:48:40","guid":{"rendered":"https:\/\/notai.bz.it\/notarkammer-bozen\/"},"modified":"2024-07-23T13:17:51","modified_gmt":"2024-07-23T11:17:51","slug":"notarkammer-bozen","status":"publish","type":"page","link":"https:\/\/notai.bz.it\/de\/notarkammer-bozen\/","title":{"rendered":"Notariatskammer Bozen"},"content":{"rendered":"<p>[et_pb_section fb_built=&#8220;1&#8243; _builder_version=&#8220;4.23.1&#8243; custom_padding=&#8220;0px||||false|false&#8220; global_colors_info=&#8220;{}&#8220; theme_builder_area=&#8220;post_content&#8220;][et_pb_row _builder_version=&#8220;4.23.1&#8243; background_size=&#8220;initial&#8220; background_position=&#8220;top_left&#8220; background_repeat=&#8220;repeat&#8220; width=&#8220;100%&#8220; global_colors_info=&#8220;{}&#8220; theme_builder_area=&#8220;post_content&#8220;][et_pb_column type=&#8220;4_4&#8243; _builder_version=&#8220;4.16&#8243; custom_padding=&#8220;|||&#8220; global_colors_info=&#8220;{}&#8220; custom_padding__hover=&#8220;|||&#8220; theme_builder_area=&#8220;post_content&#8220;][et_pb_text _builder_version=&#8220;4.23.1&#8243; header_2_line_height=&#8220;3em&#8220; background_size=&#8220;initial&#8220; background_position=&#8220;top_left&#8220; background_repeat=&#8220;repeat&#8220; global_colors_info=&#8220;{}&#8220; theme_builder_area=&#8220;post_content&#8220;]<\/p>\n<p>Die Verteilung der Notare auf dem Staatsgebiet ist in Sprengeln eingeteilt, die sich mit dem Ortsbezirk des Landesgerichts decken. Die Notare, welche in einem bestimmten Sprengel ihren Amtssitz haben, bilden ein Notariatskollegium und f\u00fcr jedes Kollegium gibt es eine eigene Notariatskammer.<\/p>\n<p>[\/et_pb_text][\/et_pb_column][\/et_pb_row][et_pb_row column_structure=&#8220;1_2,1_2&#8243; _builder_version=&#8220;4.23.1&#8243; background_size=&#8220;initial&#8220; background_position=&#8220;top_left&#8220; background_repeat=&#8220;repeat&#8220; width=&#8220;100%&#8220; global_colors_info=&#8220;{}&#8220; theme_builder_area=&#8220;post_content&#8220;][et_pb_column type=&#8220;1_2&#8243; _builder_version=&#8220;4.16&#8243; custom_padding=&#8220;|||&#8220; global_colors_info=&#8220;{}&#8220; custom_padding__hover=&#8220;|||&#8220; theme_builder_area=&#8220;post_content&#8220;][et_pb_text admin_label=&#8220;Componenti&#8220; _builder_version=&#8220;4.23.1&#8243; header_2_line_height=&#8220;3em&#8220; background_size=&#8220;initial&#8220; background_position=&#8220;top_left&#8220; background_repeat=&#8220;repeat&#8220; global_colors_info=&#8220;{}&#8220; theme_builder_area=&#8220;post_content&#8220;]<\/p>\n<h3>Mitglieder der Notariatskammer Bozen<\/h3>\n<p>[\/et_pb_text][et_pb_blurb image=&#8220;https:\/\/notai.bz.it\/wp-content\/uploads\/2023\/11\/high-school_22.png&#8220; icon_placement=&#8220;left&#8220; image_icon_width=&#8220;21px&#8220; admin_label=&#8220;Presidente&#8220; _builder_version=&#8220;4.23.1&#8243; _module_preset=&#8220;default&#8220; custom_margin=&#8220;||15px||false|false&#8220; global_colors_info=&#8220;{}&#8220; theme_builder_area=&#8220;post_content&#8220;]<\/p>\n<p>Pr\u00e4sident: Dr. Walter Crepaz<\/p>\n<p>[\/et_pb_blurb][et_pb_blurb image=&#8220;https:\/\/notai.bz.it\/wp-content\/uploads\/2023\/11\/high-school_22.png&#8220; icon_placement=&#8220;left&#8220; image_icon_width=&#8220;21px&#8220; admin_label=&#8220;Segretario&#8220; _builder_version=&#8220;4.23.1&#8243; _module_preset=&#8220;default&#8220; custom_margin=&#8220;||15px||false|false&#8220; global_colors_info=&#8220;{}&#8220; theme_builder_area=&#8220;post_content&#8220;]<\/p>\n<p>Sekret\u00e4r: Dr. David Ockl<\/p>\n<p>[\/et_pb_blurb][et_pb_blurb image=&#8220;https:\/\/notai.bz.it\/wp-content\/uploads\/2023\/11\/high-school_22.png&#8220; icon_placement=&#8220;left&#8220; image_icon_width=&#8220;21px&#8220; admin_label=&#8220;Tesoriere: &#8220; _builder_version=&#8220;4.27.0&#8243; _module_preset=&#8220;default&#8220; custom_margin=&#8220;||15px||false|false&#8220; hover_enabled=&#8220;0&#8243; global_colors_info=&#8220;{}&#8220; theme_builder_area=&#8220;post_content&#8220; sticky_enabled=&#8220;0&#8243;]<\/p>\n<p>Schatzmeister: Dr. Claudia Kaufmann<\/p>\n<p>[\/et_pb_blurb][et_pb_blurb image=&#8220;https:\/\/notai.bz.it\/wp-content\/uploads\/2023\/11\/high-school_22.png&#8220; icon_placement=&#8220;left&#8220; image_icon_width=&#8220;21px&#8220; admin_label=&#8220;Consigliere&#8220; _builder_version=&#8220;4.23.1&#8243; _module_preset=&#8220;default&#8220; custom_margin=&#8220;||15px||false|false&#8220; global_colors_info=&#8220;{}&#8220; theme_builder_area=&#8220;post_content&#8220;]<\/p>\n<p>Mitglied: Dr. Felipe Benvenutti<\/p>\n<p>[\/et_pb_blurb][et_pb_blurb image=&#8220;https:\/\/notai.bz.it\/wp-content\/uploads\/2023\/11\/high-school_22.png&#8220; icon_placement=&#8220;left&#8220; image_icon_width=&#8220;21px&#8220; admin_label=&#8220;Consigliere&#8220; _builder_version=&#8220;4.27.0&#8243; _module_preset=&#8220;default&#8220; custom_margin=&#8220;||15px||false|false&#8220; hover_enabled=&#8220;0&#8243; global_colors_info=&#8220;{}&#8220; theme_builder_area=&#8220;post_content&#8220; sticky_enabled=&#8220;0&#8243;]<\/p>\n<p>Mitglied: Dr. Federica Isotti<\/p>\n<p>[\/et_pb_blurb][et_pb_blurb image=&#8220;https:\/\/notai.bz.it\/wp-content\/uploads\/2023\/11\/high-school_22.png&#8220; icon_placement=&#8220;left&#8220; image_icon_width=&#8220;21px&#8220; admin_label=&#8220;Consigliere&#8220; _builder_version=&#8220;4.23.1&#8243; _module_preset=&#8220;default&#8220; custom_margin=&#8220;||15px||false|false&#8220; global_colors_info=&#8220;{}&#8220; theme_builder_area=&#8220;post_content&#8220;]<\/p>\n<p>Mitglied: Dr. Peter Niederfriniger<\/p>\n<p>[\/et_pb_blurb][et_pb_blurb image=&#8220;https:\/\/notai.bz.it\/wp-content\/uploads\/2023\/11\/high-school_22.png&#8220; icon_placement=&#8220;left&#8220; image_icon_width=&#8220;21px&#8220; admin_label=&#8220;Consigliere&#8220; _builder_version=&#8220;4.23.1&#8243; _module_preset=&#8220;default&#8220; custom_margin=&#8220;||15px||false|false&#8220; global_colors_info=&#8220;{}&#8220; theme_builder_area=&#8220;post_content&#8220;]<\/p>\n<p>Mitglied: Dr. Giorgio Vitalini<\/p>\n<p>[\/et_pb_blurb][\/et_pb_column][et_pb_column type=&#8220;1_2&#8243; _builder_version=&#8220;4.16&#8243; custom_padding=&#8220;|||&#8220; global_colors_info=&#8220;{}&#8220; custom_padding__hover=&#8220;|||&#8220; theme_builder_area=&#8220;post_content&#8220;][et_pb_text module_id=&#8220;funzioni&#8220; _builder_version=&#8220;4.23.1&#8243; header_2_line_height=&#8220;3em&#8220; background_size=&#8220;initial&#8220; background_position=&#8220;top_left&#8220; background_repeat=&#8220;repeat&#8220; global_colors_info=&#8220;{}&#8220; theme_builder_area=&#8220;post_content&#8220;]<\/p>\n<h3>Funktionen<\/h3>\n<p>Zu den zugewiesenen Aufgaben der Kammer geh\u00f6ren die Achtung auf die Wahrung der W\u00fcrde bei der Berufsaus\u00fcbung, beim sonstigen Verhalten der bei ihr eingetragenen Notare und auf die genaue Einhaltung ihrer Pflichten (Art. 93 der Notariatsordnung).<\/p>\n<p>Diese \u00dcberwachung ersch\u00f6pft sich nicht in einer Verweisbefugnis, sondern sie umfasst auch eine Untersuchungs \u2013 und Sanktionsbefugnis.<\/p>\n<p>Die Kammer ist n\u00e4mlich auch ein Disziplinarorgan: sie kann Disziplinarverfahren er\u00f6ffnen, dem Notar die Strafen der Ermahnung und der R\u00fcge verh\u00e4ngen und in schwierigen F\u00e4llen, die gesamte Angelegenheit der Gerichtsbeh\u00f6rde zuschieben, welche f\u00fcr die Verh\u00e4ngung der schwereren Strafen der Geldbu\u00dfe, der zeitweiligen und der endg\u00fcltigen Enthebung vom Amt zust\u00e4ndig ist.<\/p>\n<p>Bei Streitfragen \u00fcber Honorare und Verg\u00fctungen des Notars, obliegt es der Notariatskammer dar\u00fcber zu urteilen.<\/p>\n<p>[\/et_pb_text][\/et_pb_column][\/et_pb_row][\/et_pb_section]<\/p>\n","protected":false},"excerpt":{"rendered":"<p>Die Verteilung der Notare auf dem Staatsgebiet ist in Sprengeln eingeteilt, die sich mit dem Ortsbezirk des Landesgerichts decken. Die Notare, welche in einem bestimmten Sprengel ihren Amtssitz haben, bilden ein Notariatskollegium und f\u00fcr jedes Kollegium gibt es eine eigene Notariatskammer.Mitglieder der Notariatskammer BozenPr\u00e4sident: Dr. Walter CrepazSekret\u00e4r: Dr. David OcklSchatzmeister: Dr. Claudia KaufmannMitglied: Dr. Felipe [&hellip;]<\/p>\n","protected":false},"author":1,"featured_media":4033,"parent":0,"menu_order":2,"comment_status":"closed","ping_status":"closed","template":"","meta":{"_acf_changed":false,"_et_pb_use_builder":"on","_et_pb_old_content":"","_et_gb_content_width":"","footnotes":""},"class_list":["post-4232","page","type-page","status-publish","has-post-thumbnail","hentry"],"acf":[],"_links":{"self":[{"href":"https:\/\/notai.bz.it\/de\/wp-json\/wp\/v2\/pages\/4232","targetHints":{"allow":["GET"]}}],"collection":[{"href":"https:\/\/notai.bz.it\/de\/wp-json\/wp\/v2\/pages"}],"about":[{"href":"https:\/\/notai.bz.it\/de\/wp-json\/wp\/v2\/types\/page"}],"author":[{"embeddable":true,"href":"https:\/\/notai.bz.it\/de\/wp-json\/wp\/v2\/users\/1"}],"replies":[{"embeddable":true,"href":"https:\/\/notai.bz.it\/de\/wp-json\/wp\/v2\/comments?post=4232"}],"version-history":[{"count":27,"href":"https:\/\/notai.bz.it\/de\/wp-json\/wp\/v2\/pages\/4232\/revisions"}],"predecessor-version":[{"id":5923,"href":"https:\/\/notai.bz.it\/de\/wp-json\/wp\/v2\/pages\/4232\/revisions\/5923"}],"wp:featuredmedia":[{"embeddable":true,"href":"https:\/\/notai.bz.it\/de\/wp-json\/wp\/v2\/media\/4033"}],"wp:attachment":[{"href":"https:\/\/notai.bz.it\/de\/wp-json\/wp\/v2\/media?parent=4232"}],"curies":[{"name":"wp","href":"https:\/\/api.w.org\/{rel}","templated":true}]}}