{"id":4282,"date":"2013-12-10T17:39:41","date_gmt":"2013-12-10T16:39:41","guid":{"rendered":"https:\/\/notai.bz.it\/datenschutzerklaerung\/"},"modified":"2023-11-26T19:02:25","modified_gmt":"2023-11-26T18:02:25","slug":"datenschutzerklaerung","status":"publish","type":"page","link":"https:\/\/notai.bz.it\/de\/datenschutzerklaerung\/","title":{"rendered":"Datenschutzerkl\u00e4rung"},"content":{"rendered":"<p>Ai sensi dell&#8217;art.13 L.196\/03 e del Regolamento Europeo 679\/16 o GDPR informiamo di quanto segue:<\/p>\n<ul class=\"puntato\">\n<li>i dati raccolti servono esclusivamente all&#8217;espletamento dei servizi richiesti dagli utenti al Consiglio Notarile di Bolzano.<\/li>\n<li>Tutti i dati sono trattati con modalit\u00e0 elettroniche e vengono utilizzati dal Consiglio Notarile di Bolzano attraverso operazioni meccaniche necessarie ad espletare i servizi richiesti, compresa la modifica e la cancellazione dei dati da parte del proprietario.<\/li>\n<li>I dati non vengono trasferiti ad alcuno. Sono tuttavia accessibili da parte dello staff tecnico incaricato dal Consiglio Notarile di Bolzano al fine di garantirne l&#8217;adeguata manutenzione e svolgere le operazioni eventualmente richieste dai legittimi proprietari dei dati registrati.<\/li>\n<li>Il proprietario dei dati ha diritto di ottenere la conferma dell&#8217;esistenza o meno di dati personali che lo riguardano, anche se non ancora registrati, e la loro comunicazione in forma intelligibile. In particolare ha diritto di ottenere informazioni su: origine dei dati personali; finalit\u00e0 e modalit\u00e0 del trattamento; logica applicata nel trattamento effettuato con l&#8217;ausilio di strumenti elettronici. Inoltre il proprietario dei dati ha diritto di ottenere: l&#8217;aggiornamento, la rettificazione ovvero, quando vi ha interesse, l&#8217;integrazione dei dati; la cancellazione, la trasformazione in forma anonima o il blocco dei dati trattati in violazione di legge, compresi quelli di cui non \u00e8 necessaria la conservazione in relazione agli scopi per i quali i dati sono stati raccolti o successivamente trattati; l&#8217;attestazione che le operazioni modifica e cancellazione sono state portate a conoscenza, anche per quanto riguarda il loro contenuto, di coloro ai quali i dati sono stati comunicati o diffusi, eccettuato il caso in cui tale adempimento si rivela impossibile o comporta un impiego di mezzi manifestamente sproporzionato rispetto al diritto tutelato. Inoltre, il proprietario dei dati ha diritto di opporsi, in tutto o in parte, per motivi legittimi al trattamento dei dati personali che lo riguardano, ancorch\u00e9 pertinenti allo scopo della raccolta. I dati non verranno comunque utilizzati ai fini di invio di materiale pubblicitario o di vendita diretta o per il compimento di ricerche di mercato o di comunicazione commerciale.<\/li>\n<li>Titolare del trattamento dei dati \u00e8 il Presidente del Consiglio Notarile di Bolzano. Per ogni comunicazione \u00e8 possibile scrivere via email a <a href=\"mailto:consigliobolzano@notariato.it\">consigliobolzano@notariato.it<\/a> oppure a: Consiglio Notarile di Bolzano, via Rosmini 4, 39100 Bolzano, possibilmente a mezzo raccomandata.<\/li>\n<\/ul>\n<p><a href=\"https:\/\/www.iubenda.com\/privacy-policy\/32074455\" target=\"_blank\" rel=\"noopener\">Datenschutzerkl\u00e4rung von notai.bz.it<\/a><\/p>\n<h3>Cookie<\/h3>\n<p>Wir und ausgew\u00e4hlte Dritte setzen f\u00fcr technische Zwecke und, mit Ihrer Einwilligung, f\u00fcr andere Zwecke (\u201everbesserte Nutzererfahrung\u201c und \u201eErfolgsmessung\u201c) Cookies und \u00e4hnliche Technologien ein, so wie in der Cookie-Richtlinie beschrieben.<\/p>\n<p><a href=\"https:\/\/www.iubenda.com\/privacy-policy\/32074455\/cookie-policy\" target=\"_blank\" rel=\"noopener\">Cookie-Richtlinie<\/a><\/p>\n<p>Ihre Einwilligung k\u00f6nnen Sie jederzeit erteilen, verweigern oder widerrufen (Cookie-Schaltfl\u00e4che).<\/p>\n\n<p><a href=\"#\" class=\"iubenda-cs-preferences-link\">Ihre Einwilligungseinstellungen<\/a><\/p>\n","protected":false},"excerpt":{"rendered":"<p>Ai sensi dell&#8217;art.13 L.196\/03 e del Regolamento Europeo 679\/16 o GDPR informiamo di quanto segue: i dati raccolti servono esclusivamente all&#8217;espletamento dei servizi richiesti dagli utenti al Consiglio Notarile di Bolzano. Tutti i dati sono trattati con modalit\u00e0 elettroniche e vengono utilizzati dal Consiglio Notarile di Bolzano attraverso operazioni meccaniche necessarie ad espletare i servizi [&hellip;]<\/p>\n","protected":false},"author":1,"featured_media":4033,"parent":0,"menu_order":100,"comment_status":"closed","ping_status":"closed","template":"","meta":{"_acf_changed":false,"_et_pb_use_builder":"on","_et_pb_old_content":"","_et_gb_content_width":"","footnotes":""},"class_list":["post-4282","page","type-page","status-publish","has-post-thumbnail","hentry"],"acf":[],"_links":{"self":[{"href":"https:\/\/notai.bz.it\/de\/wp-json\/wp\/v2\/pages\/4282","targetHints":{"allow":["GET"]}}],"collection":[{"href":"https:\/\/notai.bz.it\/de\/wp-json\/wp\/v2\/pages"}],"about":[{"href":"https:\/\/notai.bz.it\/de\/wp-json\/wp\/v2\/types\/page"}],"author":[{"embeddable":true,"href":"https:\/\/notai.bz.it\/de\/wp-json\/wp\/v2\/users\/1"}],"replies":[{"embeddable":true,"href":"https:\/\/notai.bz.it\/de\/wp-json\/wp\/v2\/comments?post=4282"}],"version-history":[{"count":1,"href":"https:\/\/notai.bz.it\/de\/wp-json\/wp\/v2\/pages\/4282\/revisions"}],"predecessor-version":[{"id":4283,"href":"https:\/\/notai.bz.it\/de\/wp-json\/wp\/v2\/pages\/4282\/revisions\/4283"}],"wp:featuredmedia":[{"embeddable":true,"href":"https:\/\/notai.bz.it\/de\/wp-json\/wp\/v2\/media\/4033"}],"wp:attachment":[{"href":"https:\/\/notai.bz.it\/de\/wp-json\/wp\/v2\/media?parent=4282"}],"curies":[{"name":"wp","href":"https:\/\/api.w.org\/{rel}","templated":true}]}}